{"id":419,"date":"2021-04-02T11:28:40","date_gmt":"2021-04-02T09:28:40","guid":{"rendered":"https:\/\/adlux.fi\/?page_id=419"},"modified":"2022-05-11T13:47:47","modified_gmt":"2022-05-11T11:47:47","slug":"ad-luxin-laskutusosoite","status":"publish","type":"page","link":"https:\/\/adlux.fi\/en\/ad-luxin-laskutusosoite\/","title":{"rendered":"AD-Luxin laskutusosoite"},"content":{"rendered":"<p><strong>Hyv\u00e4 yhteisty\u00f6kumppanimme!<\/strong> <strong>K\u00e4sittelemme ostolaskuja s\u00e4hk\u00f6isesti.<\/strong> <strong>Toivomme, ett\u00e4 saamme teilt\u00e4kin vain verkkolaskuja.<\/strong><\/p>\n\n\n\n<p><\/p>\n\n\n\n<p><strong>Nimi:<\/strong> AD-Lux Oy<br><strong>Y-tunnus:<\/strong> 0983613-8<br><\/p>\n\n\n\n<figure class=\"wp-block-table\"><table><tbody><tr><td><strong>Operaattori<\/strong><\/td><td><strong>Verkkolaskuosoite<\/strong><\/td><td><strong>OVT-tunnus<\/strong><\/td><\/tr><tr><td>Apix Messaging Oy (003723327487)<\/td><td>003709836138<\/td><td>003709836138<\/td><\/tr><\/tbody><\/table><\/figure>\n\n\n\n<p><\/p>\n\n\n\n<p><strong>Paperiset ostolaskunne<\/strong> pyyd\u00e4mme l\u00e4hett\u00e4m\u00e4\u00e4n jatkossa osoitteella:<\/p>\n\n\n\n<p>AD-Lux Oy<\/p>\n\n\n\n<p>Juristinkatu 6, 20780 KAARINA<\/p>\n\n\n\n<p>TAI s\u00e4hk\u00f6postilla: adlux@adlux.fi<\/p>\n\n\n\n<p><\/p>\n\n\n\n<p><\/p>","protected":false},"excerpt":{"rendered":"<p>Hyv\u00e4 yhteisty\u00f6kumppanimme! K\u00e4sittelemme ostolaskuja s\u00e4hk\u00f6isesti. Toivomme, ett\u00e4 saamme teilt\u00e4kin vain verkkolaskuja. Nimi: AD-Lux OyY-tunnus: 0983613-8 Operaattori Verkkolaskuosoite OVT-tunnus Apix Messaging [&hellip;]<\/p>\n","protected":false},"author":2,"featured_media":445,"parent":0,"menu_order":0,"comment_status":"closed","ping_status":"closed","template":"","meta":{"_acf_changed":false,"footnotes":""},"class_list":["post-419","page","type-page","status-publish","has-post-thumbnail","hentry"],"acf":[],"_links":{"self":[{"href":"https:\/\/adlux.fi\/en\/wp-json\/wp\/v2\/pages\/419","targetHints":{"allow":["GET"]}}],"collection":[{"href":"https:\/\/adlux.fi\/en\/wp-json\/wp\/v2\/pages"}],"about":[{"href":"https:\/\/adlux.fi\/en\/wp-json\/wp\/v2\/types\/page"}],"author":[{"embeddable":true,"href":"https:\/\/adlux.fi\/en\/wp-json\/wp\/v2\/users\/2"}],"replies":[{"embeddable":true,"href":"https:\/\/adlux.fi\/en\/wp-json\/wp\/v2\/comments?post=419"}],"version-history":[{"count":10,"href":"https:\/\/adlux.fi\/en\/wp-json\/wp\/v2\/pages\/419\/revisions"}],"predecessor-version":[{"id":1022,"href":"https:\/\/adlux.fi\/en\/wp-json\/wp\/v2\/pages\/419\/revisions\/1022"}],"wp:featuredmedia":[{"embeddable":true,"href":"https:\/\/adlux.fi\/en\/wp-json\/wp\/v2\/media\/445"}],"wp:attachment":[{"href":"https:\/\/adlux.fi\/en\/wp-json\/wp\/v2\/media?parent=419"}],"curies":[{"name":"wp","href":"https:\/\/api.w.org\/{rel}","templated":true}]}}