{"id":2356,"date":"2025-05-08T14:46:17","date_gmt":"2025-05-08T12:46:17","guid":{"rendered":"https:\/\/adlux.fi\/?page_id=2356"},"modified":"2025-05-08T16:26:25","modified_gmt":"2025-05-08T14:26:25","slug":"elektroniikan-sopimusvalmistus","status":"publish","type":"page","link":"https:\/\/adlux.fi\/en\/elektroniikan-sopimusvalmistus\/","title":{"rendered":"Electromechanical contract manufacturing"},"content":{"rendered":"<p><strong>Electromechanical Contract Manufacturing by AD-Lux<\/strong><\/p>\n\n\n\n<p class=\"translation-block\">T\u00e4ss\u00e4 on englanninkielinen k\u00e4\u00e4nn\u00f6s:\n\n**AD-Lux is not only an expert in lighting solutions \u2013 we also provide <strong>reliable and flexible electromechanical contract manufacturing<\/strong> for industrial and technology companies. As a domestic subcontracting service, we offer <strong>assembly, testing, and complete device manufacturing<\/strong> according to the customer\u2019s specifications.**<\/p>\n\n\n\n<p><strong>Our service covers:<\/strong><\/p>\n\n\n\n<ul class=\"wp-block-list\">\n<li>Small and medium series<\/li>\n\n\n\n<li>High delivery reliability and quality<\/li>\n\n\n\n<li>Modern production equipment<\/li>\n\n\n\n<li>Domestic and flexible cooperation<\/li>\n<\/ul>\n\n\n\n<p>We are particularly strong in projects that require fast response, precise quality and customer-oriented design support. We combine technical expertise and years of experience so that you can focus on your core business.<\/p>\n\n\n\n<p><strong>Contact us \u2013 and let's discuss how we can support your production.<\/strong><\/p>\n\n\n\n<p>Interested? Call +358 400 284 571\/Pekka Orne or send an email: pekka.orne@adlux.fi <a href=\"mailto:pekka.orne@adlux.fi\">pekka.orne@adlux.fi<\/a><\/p>\n\n\n\n<p><\/p>","protected":false},"excerpt":{"rendered":"<p>Elektromekaniikan sopimusvalmistusta \u2013 laatua ja joustavuutta AD-Luxilta AD-Lux ei ole pelk\u00e4st\u00e4\u00e4n valaistusratkaisujen asiantuntija \u2013 tarjoamme my\u00f6s luotettavaa ja joustavaa elektromekaniikan [&hellip;]<\/p>\n","protected":false},"author":2,"featured_media":0,"parent":0,"menu_order":0,"comment_status":"closed","ping_status":"closed","template":"","meta":{"_acf_changed":false,"footnotes":""},"class_list":["post-2356","page","type-page","status-publish","hentry"],"acf":[],"_links":{"self":[{"href":"https:\/\/adlux.fi\/en\/wp-json\/wp\/v2\/pages\/2356","targetHints":{"allow":["GET"]}}],"collection":[{"href":"https:\/\/adlux.fi\/en\/wp-json\/wp\/v2\/pages"}],"about":[{"href":"https:\/\/adlux.fi\/en\/wp-json\/wp\/v2\/types\/page"}],"author":[{"embeddable":true,"href":"https:\/\/adlux.fi\/en\/wp-json\/wp\/v2\/users\/2"}],"replies":[{"embeddable":true,"href":"https:\/\/adlux.fi\/en\/wp-json\/wp\/v2\/comments?post=2356"}],"version-history":[{"count":7,"href":"https:\/\/adlux.fi\/en\/wp-json\/wp\/v2\/pages\/2356\/revisions"}],"predecessor-version":[{"id":2375,"href":"https:\/\/adlux.fi\/en\/wp-json\/wp\/v2\/pages\/2356\/revisions\/2375"}],"wp:attachment":[{"href":"https:\/\/adlux.fi\/en\/wp-json\/wp\/v2\/media?parent=2356"}],"curies":[{"name":"wp","href":"https:\/\/api.w.org\/{rel}","templated":true}]}}