{"id":2225,"date":"2025-01-28T11:48:30","date_gmt":"2025-01-28T09:48:30","guid":{"rendered":"https:\/\/adlux.fi\/?page_id=2225"},"modified":"2025-01-28T11:48:30","modified_gmt":"2025-01-28T09:48:30","slug":"langaton-sensori-occ-sensor-ia-cm-ip65-wh","status":"publish","type":"page","link":"https:\/\/adlux.fi\/en\/langaton-sensori-occ-sensor-ia-cm-ip65-wh\/","title":{"rendered":"WIRELESS SENSOR OCC sensor IA CM IP65 WH"},"content":{"rendered":"<p>T\u00e4ll\u00e4 sensorilla voidaan ohjata sek\u00e4 ledipaneeleja ett\u00e4 muovirunkoisia lineaarivalaisimia<\/p>\n\n\n\n<p>T<strong>uoteominaisuudet<\/strong><\/p>\n\n\n\n<p><strong>Presence detection<\/strong><\/p>\n\n\n\n<ul class=\"wp-block-list\">\n<li>Passiivinen infrapunateknologia (PIR) tunnistaa l\u00e4sn\u00e4olon tarkasti<\/li>\n\n\n\n<li>S\u00e4\u00e4dett\u00e4v\u00e4 herkkyys. V\u00e4h\u00e4inen virheellisten laukaisujen riski<\/li>\n<\/ul>\n\n\n\n<p><strong>P\u00e4iv\u00e4nvalon tunnistus<\/strong> (optiona, vaatii sensorin, jossa t\u00e4m\u00e4 ominaisuus on mukana)<\/p>\n\n\n\n<ul class=\"wp-block-list\">\n<li>Korkea tarkkuus ymp\u00e4r\u00f6iv\u00e4n valon mittauksessa (~1\u20135000 LUX lattiatason korkeudella)<\/li>\n\n\n\n<li>Suljetun silmukan p\u00e4iv\u00e4nvalos\u00e4\u00e4t\u00f6<\/li>\n\n\n\n<li>Nopea p\u00e4iv\u00e4nvalon raportointi kalibrointia varten<\/li>\n<\/ul>\n\n\n\n<p><strong>Installation<\/strong><\/p>\n\n\n\n<ul class=\"wp-block-list\">\n<li>Paristok\u00e4ytt\u00f6inen, ei vaadi verkkovirtaa<\/li>\n\n\n\n<li>Walk Test -tila optimaalisen tunnistuksen varmistamiseksi<\/li>\n\n\n\n<li>Sopii vesitiiviisiin sovelluksiin<\/li>\n<\/ul>\n\n\n\n<p><strong>Environment<\/strong><\/p>\n\n\n\n<ul class=\"wp-block-list\">\n<li>ROHS\/REACH compliant<\/li>\n\n\n\n<li>Ei elohopeaa<\/li>\n\n\n\n<li>Matala hiilijalanj\u00e4lki<\/li>\n<\/ul>\n\n\n\n<figure class=\"wp-block-image size-full\"><img loading=\"lazy\" decoding=\"async\" width=\"549\" height=\"302\" src=\"https:\/\/adlux.fi\/wp-content\/uploads\/2025\/01\/sensori.png\" alt=\"\" class=\"wp-image-2227\" srcset=\"https:\/\/adlux.fi\/wp-content\/uploads\/2025\/01\/sensori.png 549w, https:\/\/adlux.fi\/wp-content\/uploads\/2025\/01\/sensori-300x165.png 300w, https:\/\/adlux.fi\/wp-content\/uploads\/2025\/01\/sensori-18x10.png 18w\" sizes=\"auto, (max-width: 549px) 100vw, 549px\" \/><\/figure>\n\n\n\n<p><strong>Connections<\/strong><\/p>\n\n\n\n<ul class=\"wp-block-list\">\n<li>2,4 GHz mesh-verkkoteknologia<\/li>\n\n\n\n<li>Luotettava ja turvallinen langaton yhteys, nimellinen kantama 15 m<\/li>\n\n\n\n<li>Helppo k\u00e4ytt\u00f6\u00f6notto<\/li>\n<\/ul>\n\n\n\n<p><strong>Control functions<\/strong><\/p>\n\n\n\n<ul class=\"wp-block-list\">\n<li>Automaattinen valaistuksen hallinta l\u00e4sn\u00e4olon ja p\u00e4iv\u00e4nvalon tunnistuksen perusteella<\/li>\n\n\n\n<li>S\u00e4\u00e4dett\u00e4v\u00e4t tunnistimen parametrit yksil\u00f6llisiin valaistustarpeisiin<\/li>\n<\/ul>\n\n\n\n<p><strong>Reliability<\/strong><\/p>\n\n\n\n<ul class=\"wp-block-list\">\n<li>Luotettava toiminta ymp\u00e4rist\u00f6n l\u00e4mp\u00f6tilassa -40 \u00b0C \u2013 +50 \u00b0C*<\/li>\n\n\n\n<li>IP65 (IEC-standardi 60529)<\/li>\n\n\n\n<li>Pariston k\u00e4ytt\u00f6ik\u00e4 yli 10 vuotta<\/li>\n\n\n\n<li>MTBFP (keskim\u00e4\u00e4r\u00e4inen aika ennen virheellist\u00e4 liiketunnistusta) &gt;500 tuntia keskitasoisella herkkyydell\u00e4<\/li>\n<\/ul>\n\n\n\n<p><\/p>","protected":false},"excerpt":{"rendered":"<p>T\u00e4ll\u00e4 sensorilla voidaan ohjata sek\u00e4 ledipaneeleja ett\u00e4 muovirunkoisia lineaarivalaisimia Tuoteominaisuudet L\u00e4sn\u00e4olon tunnistus P\u00e4iv\u00e4nvalon tunnistus (optiona, vaatii sensorin, jossa t\u00e4m\u00e4 ominaisuus [&hellip;]<\/p>\n","protected":false},"author":2,"featured_media":0,"parent":0,"menu_order":0,"comment_status":"closed","ping_status":"closed","template":"","meta":{"_acf_changed":false,"footnotes":""},"class_list":["post-2225","page","type-page","status-publish","hentry"],"acf":[],"_links":{"self":[{"href":"https:\/\/adlux.fi\/en\/wp-json\/wp\/v2\/pages\/2225","targetHints":{"allow":["GET"]}}],"collection":[{"href":"https:\/\/adlux.fi\/en\/wp-json\/wp\/v2\/pages"}],"about":[{"href":"https:\/\/adlux.fi\/en\/wp-json\/wp\/v2\/types\/page"}],"author":[{"embeddable":true,"href":"https:\/\/adlux.fi\/en\/wp-json\/wp\/v2\/users\/2"}],"replies":[{"embeddable":true,"href":"https:\/\/adlux.fi\/en\/wp-json\/wp\/v2\/comments?post=2225"}],"version-history":[{"count":1,"href":"https:\/\/adlux.fi\/en\/wp-json\/wp\/v2\/pages\/2225\/revisions"}],"predecessor-version":[{"id":2228,"href":"https:\/\/adlux.fi\/en\/wp-json\/wp\/v2\/pages\/2225\/revisions\/2228"}],"wp:attachment":[{"href":"https:\/\/adlux.fi\/en\/wp-json\/wp\/v2\/media?parent=2225"}],"curies":[{"name":"wp","href":"https:\/\/api.w.org\/{rel}","templated":true}]}}