{"id":1945,"date":"2024-05-12T18:23:18","date_gmt":"2024-05-12T16:23:18","guid":{"rendered":"https:\/\/adlux.fi\/?page_id=1945"},"modified":"2024-05-12T18:23:19","modified_gmt":"2024-05-12T16:23:19","slug":"mita-hyotya-on-valaistuksen-uusimisesta","status":"publish","type":"page","link":"https:\/\/adlux.fi\/en\/mita-hyotya-on-valaistuksen-uusimisesta\/","title":{"rendered":"Mit\u00e4 hy\u00f6ty\u00e4 on valaistuksen uusimisesta?"},"content":{"rendered":"<figure class=\"wp-block-image size-full\"><img loading=\"lazy\" decoding=\"async\" width=\"591\" height=\"450\" src=\"https:\/\/adlux.fi\/wp-content\/uploads\/2024\/05\/Valaistus.png\" alt=\"\" class=\"wp-image-1946\" srcset=\"https:\/\/adlux.fi\/wp-content\/uploads\/2024\/05\/Valaistus.png 591w, https:\/\/adlux.fi\/wp-content\/uploads\/2024\/05\/Valaistus-300x228.png 300w, https:\/\/adlux.fi\/wp-content\/uploads\/2024\/05\/Valaistus-16x12.png 16w\" sizes=\"auto, (max-width: 591px) 100vw, 591px\" \/><\/figure>\n\n\n\n<p class=\"has-large-font-size\"><strong>N\u00e4keminen paranee<\/strong><\/p>\n\n\n\n<p><br>Vanhoissa, ehk\u00e4 keltaisen s\u00e4vyisiss\u00e4 valaistuksissa ei n\u00e4e yht\u00e4 hyvin kuin nykyp\u00e4iv\u00e4n ledeill\u00e4 tuotetussa valossa. T\u00e4m\u00e4 tarkoittaa esimerkiksi laadun seurantaa tuotannossa, dokumenttien lukemisen helpottumisessa jne. Hy\u00f6tyj\u00e4 on monia.<\/p>\n\n\n\n<p class=\"has-large-font-size\"><strong>Hyv\u00e4ss\u00e4 valossa jaksaminen paranee<\/strong><\/p>\n\n\n\n<p>H\u00e4m\u00e4r\u00e4ss\u00e4 ja kellert\u00e4v\u00e4ss\u00e4 valossa ihminen v\u00e4syy helpommin. Tutkimusten mukaan valon laadulla on suuri merkitys vireystilaan.&nbsp;<\/p>\n\n\n\n<p class=\"has-large-font-size\"><strong>Turvallisuus paranee<\/strong><\/p>\n\n\n\n<p>Tiloissa saattaa liikkua koneita ja laitteita, jolloin havainnointi on todella t\u00e4rke\u00e4\u00e4. Hyv\u00e4ss\u00e4 valossa kaikki n\u00e4kyy paljon paremmin ja ty\u00f6turvallisuus paranee.<\/p>\n\n\n\n<p class=\"has-large-font-size\"><strong>Energiaa s\u00e4\u00e4styy<\/strong><\/p>\n\n\n\n<p>Vanhat paljon s\u00e4hk\u00f6\u00e4 kuluttavat valot kun vaihdetaan uusiin, s\u00e4\u00e4styy luonnollisesti my\u00f6s energiaa. Lis\u00e4ksi jos uuteen valaistukseen liitet\u00e4\u00e4n \u00e4lyk\u00e4s valojenohjaus, s\u00e4\u00e4st\u00f6 on viel\u00e4 isompi. Investointi maksaa itsens\u00e4 nopeasti takaisin.<\/p>\n\n\n\n<p><a href=\"https:\/\/adlux.fi\/en\/valon-merkityksesta-2\/\" target=\"_blank\" rel=\"noreferrer noopener\">Klikkaa t\u00e4st\u00e4, mik\u00e4li haluat tiet\u00e4\u00e4 lis\u00e4\u00e4 yll\u00e4 olevista asioista.<\/a><\/p>","protected":false},"excerpt":{"rendered":"<p>N\u00e4keminen paranee Vanhoissa, ehk\u00e4 keltaisen s\u00e4vyisiss\u00e4 valaistuksissa ei n\u00e4e yht\u00e4 hyvin kuin nykyp\u00e4iv\u00e4n ledeill\u00e4 tuotetussa valossa. T\u00e4m\u00e4 tarkoittaa esimerkiksi laadun [&hellip;]<\/p>\n","protected":false},"author":2,"featured_media":0,"parent":0,"menu_order":0,"comment_status":"closed","ping_status":"closed","template":"","meta":{"_acf_changed":false,"footnotes":""},"class_list":["post-1945","page","type-page","status-publish","hentry"],"acf":[],"_links":{"self":[{"href":"https:\/\/adlux.fi\/en\/wp-json\/wp\/v2\/pages\/1945","targetHints":{"allow":["GET"]}}],"collection":[{"href":"https:\/\/adlux.fi\/en\/wp-json\/wp\/v2\/pages"}],"about":[{"href":"https:\/\/adlux.fi\/en\/wp-json\/wp\/v2\/types\/page"}],"author":[{"embeddable":true,"href":"https:\/\/adlux.fi\/en\/wp-json\/wp\/v2\/users\/2"}],"replies":[{"embeddable":true,"href":"https:\/\/adlux.fi\/en\/wp-json\/wp\/v2\/comments?post=1945"}],"version-history":[{"count":1,"href":"https:\/\/adlux.fi\/en\/wp-json\/wp\/v2\/pages\/1945\/revisions"}],"predecessor-version":[{"id":1947,"href":"https:\/\/adlux.fi\/en\/wp-json\/wp\/v2\/pages\/1945\/revisions\/1947"}],"wp:attachment":[{"href":"https:\/\/adlux.fi\/en\/wp-json\/wp\/v2\/media?parent=1945"}],"curies":[{"name":"wp","href":"https:\/\/api.w.org\/{rel}","templated":true}]}}