{"id":1927,"date":"2024-05-12T18:03:36","date_gmt":"2024-05-12T16:03:36","guid":{"rendered":"https:\/\/adlux.fi\/?page_id=1927"},"modified":"2024-05-12T18:03:36","modified_gmt":"2024-05-12T16:03:36","slug":"henry-joseph-round-kuka-han-oli-ja-miten-han-liittyy-sahkon-ja-valaistuksen-kehittamiseen","status":"publish","type":"page","link":"https:\/\/adlux.fi\/en\/henry-joseph-round-kuka-han-oli-ja-miten-han-liittyy-sahkon-ja-valaistuksen-kehittamiseen\/","title":{"rendered":"Henry Joseph Round, kuka h\u00e4n oli ja miten h\u00e4n liittyy s\u00e4hk\u00f6n ja valaistuksen kehitt\u00e4miseen?"},"content":{"rendered":"<figure class=\"wp-block-image size-full\"><img loading=\"lazy\" decoding=\"async\" width=\"225\" height=\"278\" src=\"https:\/\/adlux.fi\/wp-content\/uploads\/2024\/05\/HJ_Round.jpg\" alt=\"\" class=\"wp-image-1936\" srcset=\"https:\/\/adlux.fi\/wp-content\/uploads\/2024\/05\/HJ_Round.jpg 225w, https:\/\/adlux.fi\/wp-content\/uploads\/2024\/05\/HJ_Round-10x12.jpg 10w\" sizes=\"auto, (max-width: 225px) 100vw, 225px\" \/><\/figure>\n\n\n\n<p>Henry Joseph Round<br><br>H\u00e4n syntyi 2. kes\u00e4kuuta 1881 ja kuoli 17. elokuuta 1966. Round teki useita merkitt\u00e4vi\u00e4 keksint\u00f6j\u00e4 ja osallistui useisiin tutkimushankkeisiin. <\/p>\n\n\n\n<p>Yksi h\u00e4nen tunnetuimmista saavutuksistaan liittyy LEDin (Light Emitting Diode) varhaiseen kehitykseen.<\/p>\n\n\n\n<p>Vuonna 1907, vuosia ennen kuin LED-teknologiaa laajemmin hy\u00f6dynnettiin, Round havaitsi, ett\u00e4 kun h\u00e4n sovelsi s\u00e4hk\u00f6kentt\u00e4\u00e4 kuparidioksidille, se alkoi l\u00e4hett\u00e4\u00e4 valoa. Vaikka t\u00e4m\u00e4 ei johtanut k\u00e4yt\u00e4nn\u00f6n sovelluksiin LED-valaistuksessa tuolloin, se oli varhainen askel kohti LED-teknologian ymm\u00e4rt\u00e4mist\u00e4.<\/p>\n\n\n\n<p>Roundilla oli my\u00f6s muita t\u00e4rkeit\u00e4 panoksia elektroniikan alalla, kuten radioteknologian ja antennien tutkimukseen liittyvi\u00e4 ty\u00f6skentelyj\u00e4. H\u00e4net muistetaan my\u00f6s tiedemiehen\u00e4 ja insin\u00f6\u00f6rin\u00e4, joka vaikutti aikakautensa teknologiseen kehitykseen.<\/p>\n\n\n\n<p>Vaikka Roundin alkuper\u00e4inen havainto oli t\u00e4rke\u00e4, h\u00e4n ei siis patentoinut LED-teknologiaa itsess\u00e4\u00e4n, ja sen kehitys eteni my\u00f6hempien tutkijoiden ja insin\u00f6\u00f6rien k\u00e4siss\u00e4.<\/p>\n\n\n\n<p><strong>T\u00e4ss\u00e4 lyhyesti LEDien kehitysvaiheet:<\/strong><\/p>\n\n\n\n<p>LED (Light Emitting Diode) -valot ovat olleet olemassa jo useiden vuosikymmenten ajan. T\u00e4ss\u00e4 on lyhyt katsaus LED-valojen historiaan:<\/p>\n\n\n\n<p><strong>1900-luvun alkupuoli:<\/strong> LEDien perusperiaatteet l\u00f6ydettiin jo varhain 1900-luvun alkupuolella, mutta k\u00e4yt\u00e4nn\u00f6n sovellukset kehittyiv\u00e4t hitaasti.<\/p>\n\n\n\n<p><strong>1960-luku:<\/strong> Modernien LEDien historia alkoi 1960-luvulla, kun amerikkalainen insin\u00f6\u00f6ri Nick Holonyak Jr. kehitti ensimm\u00e4isen k\u00e4yt\u00e4nn\u00f6n LEDin, joka tuotti n\u00e4kyv\u00e4\u00e4 punaista valoa. T\u00e4m\u00e4 punainen LED oli ensimm\u00e4inen askel kohti tehokkaampien ja monipuolisempien LEDien kehitt\u00e4mist\u00e4.<\/p>\n\n\n\n<p><strong>1970-luku:<\/strong> Teknologinen kehitys jatkui, ja muut v\u00e4rit, kuten vihre\u00e4 ja keltainen, saatiin tuotettua LEDeill\u00e4. T\u00e4n\u00e4 aikana LEDeist\u00e4 tuli yleisempi\u00e4 k\u00e4ytt\u00e4\u00e4 elektronisissa laitteissa, kuten n\u00e4yt\u00f6iss\u00e4 ja merkkivaloissa.<\/p>\n\n\n\n<p><strong>1980-luku:<\/strong> Sinisten LEDien kehitt\u00e4minen osoittautui teknisesti haastavaksi, mutta vuonna 1989 japanilainen insin\u00f6\u00f6ri Shuji Nakamura onnistui luomaan kirkkaan sinisen LEDin. T\u00e4m\u00e4 mahdollisti valkoisen LED-valon luomisen, mik\u00e4 oli merkitt\u00e4v\u00e4 askel kohti LEDien laajempaa k\u00e4ytt\u00f6\u00e4 valaistuksessa.<\/p>\n\n\n\n<p><strong>2000-luku:<\/strong> LED-valaistus alkoi yleisty\u00e4 kodeissa, toimistoissa ja julkisissa tiloissa 2000-luvun alussa. LED-valot tarjosivat useita etuja perinteisiin valonl\u00e4hteisiin n\u00e4hden, kuten pidemm\u00e4n k\u00e4ytt\u00f6i\u00e4n, energiatehokkuuden ja monipuolisemman v\u00e4rivalikoiman.<\/p>\n\n\n\n<p><strong>Nykyhetki:<\/strong> Nyky\u00e4\u00e4n LED-valot ovat vakiinnuttaneet asemansa yhten\u00e4 suosituimmista valaistusteknologioista maailmanlaajuisesti. Niit\u00e4 k\u00e4ytet\u00e4\u00e4n monenlaisissa sovelluksissa, kuten katuvalaistuksessa, autonvaloissa, kodinvalaistuksessa, televisioissa ja n\u00e4yt\u00f6iss\u00e4.<\/p>\n\n\n\n<p>LED-tekniikka jatkaa kehittymist\u00e4\u00e4n, ja tutkimus keskittyy entist\u00e4 energiatehokkaampiin ja kest\u00e4v\u00e4mpiin ratkaisuihin.<\/p>\n\n\n\n<p><\/p>","protected":false},"excerpt":{"rendered":"<p>Henry Joseph Round H\u00e4n syntyi 2. kes\u00e4kuuta 1881 ja kuoli 17. elokuuta 1966. Round teki useita merkitt\u00e4vi\u00e4 keksint\u00f6j\u00e4 ja osallistui [&hellip;]<\/p>\n","protected":false},"author":2,"featured_media":0,"parent":0,"menu_order":0,"comment_status":"closed","ping_status":"closed","template":"","meta":{"_acf_changed":false,"footnotes":""},"class_list":["post-1927","page","type-page","status-publish","hentry"],"acf":[],"_links":{"self":[{"href":"https:\/\/adlux.fi\/en\/wp-json\/wp\/v2\/pages\/1927","targetHints":{"allow":["GET"]}}],"collection":[{"href":"https:\/\/adlux.fi\/en\/wp-json\/wp\/v2\/pages"}],"about":[{"href":"https:\/\/adlux.fi\/en\/wp-json\/wp\/v2\/types\/page"}],"author":[{"embeddable":true,"href":"https:\/\/adlux.fi\/en\/wp-json\/wp\/v2\/users\/2"}],"replies":[{"embeddable":true,"href":"https:\/\/adlux.fi\/en\/wp-json\/wp\/v2\/comments?post=1927"}],"version-history":[{"count":1,"href":"https:\/\/adlux.fi\/en\/wp-json\/wp\/v2\/pages\/1927\/revisions"}],"predecessor-version":[{"id":1937,"href":"https:\/\/adlux.fi\/en\/wp-json\/wp\/v2\/pages\/1927\/revisions\/1937"}],"wp:attachment":[{"href":"https:\/\/adlux.fi\/en\/wp-json\/wp\/v2\/media?parent=1927"}],"curies":[{"name":"wp","href":"https:\/\/api.w.org\/{rel}","templated":true}]}}