{"id":1921,"date":"2024-05-12T17:02:53","date_gmt":"2024-05-12T15:02:53","guid":{"rendered":"https:\/\/adlux.fi\/?page_id=1921"},"modified":"2024-05-12T17:51:53","modified_gmt":"2024-05-12T15:51:53","slug":"georges-claude-kuka-han-oli-ja-miten-han-liittyy-sahkon-ja-valaistuksen-kehittamiseen","status":"publish","type":"page","link":"https:\/\/adlux.fi\/en\/georges-claude-kuka-han-oli-ja-miten-han-liittyy-sahkon-ja-valaistuksen-kehittamiseen\/","title":{"rendered":"William Thomson, 1st Baron Kelvin, nimi viittaa vahvasti valaistukseen"},"content":{"rendered":"<figure class=\"wp-block-image size-full\"><img loading=\"lazy\" decoding=\"async\" width=\"220\" height=\"285\" src=\"https:\/\/adlux.fi\/wp-content\/uploads\/2024\/05\/William-Thomson.jpg\" alt=\"\" class=\"wp-image-1929\" srcset=\"https:\/\/adlux.fi\/wp-content\/uploads\/2024\/05\/William-Thomson.jpg 220w, https:\/\/adlux.fi\/wp-content\/uploads\/2024\/05\/William-Thomson-9x12.jpg 9w\" sizes=\"auto, (max-width: 220px) 100vw, 220px\" \/><\/figure>\n\n\n\n<p>William Thomson, 1st Baron Kelvin<br>(<strong>26.6.1824 \u2013 17.12.1907)<\/strong><\/p>\n\n\n\n<p><strong>Mit\u00e4 h\u00e4n aikanaan on keksinyt ja ansaitsee p\u00e4\u00e4st\u00e4 juttusarjaamme historian henkil\u00f6ist\u00e4?<\/strong><\/p>\n\n\n\n<p>Lord Kelvin, oikealta nimelt\u00e4\u00e4n William Thomson, oli skotlantilainen fyysikko ja insin\u00f6\u00f6ri.<\/p>\n\n\n\n<p>H\u00e4n teki merkitt\u00e4vi\u00e4 tutkimuksia l\u00e4mp\u00f6dynamiikassa ja termodynamiikassa sek\u00e4 s\u00e4hk\u00f6magnetismissa.<\/p>\n\n\n\n<p>Kelvin tunnetaan erityisesti absoluuttisen l\u00e4mp\u00f6tilan asteikon kehitt\u00e4misest\u00e4, joka tunnetaan nyky\u00e4\u00e4n Kelvin-asteikkona, jossa absoluuttinen nolla on 0 kelvini\u00e4.<\/p>\n\n\n\n<p>H\u00e4n teki my\u00f6s merkitt\u00e4vi\u00e4 panoksia laivanrakennuksen ja merenkulun teknologiaan sek\u00e4 s\u00e4hk\u00f6teoriaan.<\/p>\n\n\n\n<p>\u200aTiedemaailman lis\u00e4ksi Kelvin teki merkitt\u00e4vi\u00e4 panoksia tekniikan kehitykseen ja sovelluksiin. Esimerkiksi h\u00e4n oli mukana merikaapelin suunnittelussa ja asennuksessa, mik\u00e4 mahdollisti ensimm\u00e4isen valtameren ylitt\u00e4v\u00e4n telegrafiyhteyden Euroopan ja Pohjois-Amerikan v\u00e4lill\u00e4. Ylimp\u00e4n\u00e4 oleva kuva viittaa t\u00e4h\u00e4n merikaapeliyhteyteen.<\/p>\n\n\n\n<p>Kelvinin nimi liittyy l\u00e4heisesti termodynamiikkaan ja l\u00e4mp\u00f6oppiin. H\u00e4n kehitti termodynamiikan toisen lain, joka tunnetaan Kelvin\u2013Planckin lausekkeena, ja oli mukana ty\u00f6ss\u00e4, joka johti absoluuttisen l\u00e4mp\u00f6tilan k\u00e4sitteen kehitt\u00e4miseen. T\u00e4t\u00e4 varten h\u00e4n kehitti Kelvin-asteikon, jossa absoluuttinen nolla on asetettu aluksiottoasteikon nollapisteeseen. Kelvin-asteikko on nyky\u00e4\u00e4n kansainv\u00e4lisesti hyv\u00e4ksytty absoluuttisen l\u00e4mp\u00f6tilan mittayksikk\u00f6, ja se on yksi termodynaamisen l\u00e4mp\u00f6tilan mittayksikk\u00f6.<\/p>\n\n\n\n<p>Kelvin teki my\u00f6s laajoja tutkimuksia s\u00e4hk\u00f6magnetismista ja s\u00e4hk\u00f6teoriasta. H\u00e4nen ty\u00f6ns\u00e4 s\u00e4hk\u00f6isiss\u00e4 ilmi\u00f6iss\u00e4 vaikuttivat suuresti s\u00e4hk\u00f6tekniikan kehitykseen.<\/p>\n\n\n\n<p>Lord Kelvin oli my\u00f6s eritt\u00e4in kunnioitettu opettaja ja mentoroi useita merkitt\u00e4vi\u00e4 fyysikkoja ja insin\u00f6\u00f6rej\u00e4, kuten James Clerk Maxwellia, joka my\u00f6s teki t\u00e4rkeit\u00e4 l\u00f6yt\u00f6j\u00e4 s\u00e4hk\u00f6magnetismin alalla.<\/p>\n\n\n\n<p>Kaiken kaikkiaan Lord Kelvinin panos tiedemaailmaan ja tekniikan kehitykseen on valtava, ja h\u00e4nen ty\u00f6ns\u00e4 vaikutukset ulottuvat monille eri aloille.<\/p>","protected":false},"excerpt":{"rendered":"<p>William Thomson, 1st Baron Kelvin(26.6.1824 \u2013 17.12.1907) Mit\u00e4 h\u00e4n aikanaan on keksinyt ja ansaitsee p\u00e4\u00e4st\u00e4 juttusarjaamme historian henkil\u00f6ist\u00e4? Lord Kelvin, [&hellip;]<\/p>\n","protected":false},"author":2,"featured_media":0,"parent":0,"menu_order":0,"comment_status":"closed","ping_status":"closed","template":"","meta":{"_acf_changed":false,"footnotes":""},"class_list":["post-1921","page","type-page","status-publish","hentry"],"acf":[],"_links":{"self":[{"href":"https:\/\/adlux.fi\/en\/wp-json\/wp\/v2\/pages\/1921","targetHints":{"allow":["GET"]}}],"collection":[{"href":"https:\/\/adlux.fi\/en\/wp-json\/wp\/v2\/pages"}],"about":[{"href":"https:\/\/adlux.fi\/en\/wp-json\/wp\/v2\/types\/page"}],"author":[{"embeddable":true,"href":"https:\/\/adlux.fi\/en\/wp-json\/wp\/v2\/users\/2"}],"replies":[{"embeddable":true,"href":"https:\/\/adlux.fi\/en\/wp-json\/wp\/v2\/comments?post=1921"}],"version-history":[{"count":3,"href":"https:\/\/adlux.fi\/en\/wp-json\/wp\/v2\/pages\/1921\/revisions"}],"predecessor-version":[{"id":1930,"href":"https:\/\/adlux.fi\/en\/wp-json\/wp\/v2\/pages\/1921\/revisions\/1930"}],"wp:attachment":[{"href":"https:\/\/adlux.fi\/en\/wp-json\/wp\/v2\/media?parent=1921"}],"curies":[{"name":"wp","href":"https:\/\/api.w.org\/{rel}","templated":true}]}}