{"id":1908,"date":"2024-05-12T16:46:43","date_gmt":"2024-05-12T14:46:43","guid":{"rendered":"https:\/\/adlux.fi\/?page_id=1908"},"modified":"2024-05-12T16:57:26","modified_gmt":"2024-05-12T14:57:26","slug":"james-clerk-maxwell-kuka-han-oli-ja-miten-han-liittyy-sahkon-ja-valaistuksen-kehittamiseen","status":"publish","type":"page","link":"https:\/\/adlux.fi\/en\/james-clerk-maxwell-kuka-han-oli-ja-miten-han-liittyy-sahkon-ja-valaistuksen-kehittamiseen\/","title":{"rendered":"James Clerk Maxwell, kuka h\u00e4n oli ja miten h\u00e4n liittyy s\u00e4hk\u00f6n ja valaistuksen kehitt\u00e4miseen?"},"content":{"rendered":"<figure class=\"wp-block-image size-full\"><img loading=\"lazy\" decoding=\"async\" width=\"220\" height=\"278\" src=\"https:\/\/adlux.fi\/wp-content\/uploads\/2024\/05\/Db_James_Clerk_Maxwell_in_his_40s_-2-7.jpg\" alt=\"\" class=\"wp-image-1903\" srcset=\"https:\/\/adlux.fi\/wp-content\/uploads\/2024\/05\/Db_James_Clerk_Maxwell_in_his_40s_-2-7.jpg 220w, https:\/\/adlux.fi\/wp-content\/uploads\/2024\/05\/Db_James_Clerk_Maxwell_in_his_40s_-2-7-9x12.jpg 9w\" sizes=\"auto, (max-width: 220px) 100vw, 220px\" \/><\/figure>\n\n\n\n<p>James Clerk Maxwell<\/p>\n\n\n\n<p>syntyi 13. kes\u00e4kuuta 1831&nbsp; ja kuoli 5. marraskuuta 1879&nbsp; H\u00e4n oli skotlantilainen fyysikko laajalla kiinnostuksenkohteiden kirjolla. H\u00e4n oli vastuussa klassisesta s\u00e4hk\u00f6magneettisen s\u00e4teilyn teoriasta, joka oli ensimm\u00e4inen teoria, joka kuvasi s\u00e4hk\u00f6isyytt\u00e4, magnetismia ja valoa saman ilmi\u00f6n eri ilmenemismuotoina.<\/p>\n\n\n\n<p>Maxwellin yht\u00e4l\u00f6it\u00e4 s\u00e4hk\u00f6magnetismille on kutsuttu \"toiseksi suureksi yhdist\u00e4miseksi fysiikassa\", miss\u00e4 ensimm\u00e4isen saavutti Isaac Newton.&nbsp; James Clerk Maxwellin s\u00e4hk\u00f6magneettinen teoria on yksi fyysikan peruskivist\u00e4, joka muotoiltiin 1800-luvun loppupuolella. Maxwellin teoria yhdisti s\u00e4hk\u00f6magneettiset ilmi\u00f6t yhten\u00e4iseksi matemaattiseksi kehykseksi ja ennusti s\u00e4hk\u00f6magneettisten aaltojen olemassaolon, mik\u00e4 johti lopulta langattoman viestinn\u00e4n ja monet nykyaikaisten teknologioiden kehittymiseen. &nbsp;<\/p>\n\n\n\n<p>T\u00e4ss\u00e4 on lyhyt selitys joistakin Maxwellin s\u00e4hk\u00f6magneettisen teorian keskeisist\u00e4 piirteist\u00e4:&nbsp;<\/p>\n\n\n\n<p><strong>Matemaattinen Yht\u00e4l\u00f6:<\/strong><\/p>\n\n\n\n<p>Maxwell esitti s\u00e4hk\u00f6magneettiset ilmi\u00f6t matemaattisesti yhdess\u00e4 nelj\u00e4n differentiaaliyht\u00e4l\u00f6n muodossa, jotka tunnetaan nimell\u00e4 Maxwellin yht\u00e4l\u00f6t. N\u00e4m\u00e4 yht\u00e4l\u00f6t liittyv\u00e4t s\u00e4hk\u00f6kentt\u00e4\u00e4n, magneettikentt\u00e4\u00e4n ja niiden muutoksiin ajan ja paikan suhteen.&nbsp;<\/p>\n\n\n\n<p><strong>S\u00e4hk\u00f6- ja Magneettikent\u00e4n V\u00e4liset Yhteydet:<\/strong><\/p>\n\n\n\n<p>Maxwellin yht\u00e4l\u00f6t osoittavat, ett\u00e4 muuttuva s\u00e4hk\u00f6kentt\u00e4 voi aiheuttaa magneettikent\u00e4n muutoksen ja p\u00e4invastoin. T\u00e4m\u00e4 kytkee s\u00e4hk\u00f6- ja magneettikent\u00e4t toisiinsa ja luo aaltojen levi\u00e4misen mahdollisuuden ilman erillisi\u00e4 v\u00e4liaineita.&nbsp;&nbsp;<\/p>\n\n\n\n<p><strong>S\u00e4hk\u00f6magneettiset Aallot:<\/strong><\/p>\n\n\n\n<p>Maxwellin teoria ennusti s\u00e4hk\u00f6magneettisten aaltojen olemassaolon. N\u00e4m\u00e4 aallot kulkevat vakionopeudella valonnopeudella tyhji\u00f6ss\u00e4 ja voivat levit\u00e4 ilman v\u00e4litilaa. T\u00e4m\u00e4 oivallus muutti k\u00e4sityst\u00e4mme valosta.&nbsp;&nbsp;<\/p>\n\n\n\n<p><strong>Langaton Viestint\u00e4:<\/strong><\/p>\n\n\n\n<p>Heinrich Hertz osoitti kokeellisesti Maxwellin ennustaman s\u00e4hk\u00f6magneettisten aaltojen olemassaolon. T\u00e4m\u00e4 avasi tien langattomalle viestinn\u00e4lle ja radioaalloille.&nbsp;&nbsp;<\/p>\n\n\n\n<p><strong>S\u00e4hk\u00f6magneettinen S\u00e4teily:<\/strong><\/p>\n\n\n\n<p>Maxwellin yht\u00e4l\u00f6t osoittavat, ett\u00e4 kiihtyv\u00e4 s\u00e4hk\u00f6varaus s\u00e4teilee s\u00e4hk\u00f6magneettista energiaa. T\u00e4m\u00e4 on perusta monille tekniikoille, kuten antennien toiminnalle.&nbsp;&nbsp;<\/p>\n\n\n\n<p><strong>Valon S\u00e4hk\u00f6magneettinen Aalto:<\/strong><\/p>\n\n\n\n<p>Maxwellin teorian kaikkein merkitt\u00e4vin seuraus oli sen soveltaminen valoon. H\u00e4nen teoriansa osoitti, ett\u00e4 valo on s\u00e4hk\u00f6magneettinen aalto, mik\u00e4 yhdisti valon s\u00e4hk\u00f6magneettisiin ilmi\u00f6ihin ja selitti sen luonteen.\u00a0 Maxwellin s\u00e4hk\u00f6magneettinen teoria oli vallankumouksellinen askel kohti s\u00e4hk\u00f6magnetismin ymm\u00e4rt\u00e4mist\u00e4 ja vaikutti laajasti tieteeseen ja tekniikkaan. Nyky\u00e4\u00e4n se on yh\u00e4 perusta monille s\u00e4hk\u00f6magneettisen ilmi\u00f6n tutkimukselle ja sen sovelluksille, kuten langattomalle viestinn\u00e4lle, s\u00e4hk\u00f6magneettiselle kuvantamiselle ja monet muut teknologiat perustuvat t\u00e4h\u00e4n teoriaan.\u00a0<\/p>\n\n\n\n<figure class=\"wp-block-table\"><table><tbody><tr><td><strong>Miten n\u00e4m\u00e4 Maxwellin teoriat liittyv\u00e4t nykyp\u00e4iv\u00e4\u00e4n?<\/strong><br><br>Maxwellin s\u00e4hk\u00f6magneettinen teoria ja muut valon ja s\u00e4hk\u00f6n ilmi\u00f6t\u00e4 koskevat teoriat ovat olleet keskeisi\u00e4 nykyisen valaistuksen ymm\u00e4rt\u00e4misess\u00e4 ja kehityksess\u00e4. Niiden vaikutus n\u00e4kyy monin tavoin:\u00a0<br><br><strong>Valaistusteknologia:<\/strong><br><br>Ymm\u00e4rrys valon s\u00e4hk\u00f6magneettisesta luonteesta on ollut olennainen valaistusteknologian kehityksess\u00e4. Nykyiset valonl\u00e4hteet, kuten LED-lamput ja loisteputket, perustuvat s\u00e4hk\u00f6magneettisiin periaatteisiin.\u00a0\u00a0<br><br><strong>V\u00e4rien tieteellinen ymm\u00e4rt\u00e4minen:<\/strong><br><br>S\u00e4hk\u00f6magneettisen s\u00e4teilyn teoriat ovat auttaneet selitt\u00e4m\u00e4\u00e4n, miten valo koostuu eri v\u00e4reist\u00e4 ja miten v\u00e4rit muodostuvat. T\u00e4m\u00e4 on keskeist\u00e4 esimerkiksi valaistussuunnittelussa ja v\u00e4rinhallinnassa.\u00a0\u00a0<br><br><strong>Valon liikkuminen ja heijastuminen:<\/strong> <br><br>Maxwellin yht\u00e4l\u00f6t ovat antaneet kattavan kuvauksen siit\u00e4, miten valo liikkuu ja heijastuu eri pinnoilta. T\u00e4m\u00e4 on t\u00e4rke\u00e4\u00e4 esimerkiksi valon heijastumisen ja taittumisen ymm\u00e4rt\u00e4misess\u00e4.\u00a0\u00a0 <br><br><strong>S\u00e4hk\u00f6magneettisten aaltojen sovellukset:<\/strong>Nykyinen valaistus hy\u00f6dynt\u00e4\u00e4 s\u00e4hk\u00f6magneettisia aaltoja monin tavoin. Esimerkiksi radiotaajuusalueella toimivat langattomat valaistusj\u00e4rjestelm\u00e4t ja mikroaaltouunit ovat sovelluksia, jotka perustuvat n\u00e4ihin periaatteisiin.\u00a0\u00a0<br><br><strong>LED-valaistus:<\/strong>Valon emissioon ja LED-valaistuksen toimintaan liittyy kvanttiteoriaan perustuvia periaatteita, joita kehitettiin osana s\u00e4hk\u00f6magneettisen teorian jatkumoa.\u00a0\u00a0<br><br><strong>Valon ja energian tehokkuus:<\/strong> <br><br>S\u00e4hk\u00f6magneettinen teoria on ollut avainasemassa valaistuksen tehokkuuden parantamisessa. Energiatehokkaat valonl\u00e4hteet, kuten LEDit, perustuvat t\u00e4h\u00e4n teoriaan, ja se on auttanut kehitt\u00e4m\u00e4\u00e4n valaistusj\u00e4rjestelmi\u00e4, jotka kuluttavat v\u00e4hemm\u00e4n energiaa tuottaakseen enemm\u00e4n valoa.\u00a0 <br><br>Yhteenvetona voi sanoa, ett\u00e4 s\u00e4hk\u00f6magneettiset teoriat ovat muovanneet nykyist\u00e4 valaistusta ymm\u00e4rt\u00e4m\u00e4ll\u00e4 valoa, sen liikkumista ja vuorovaikutusta s\u00e4hk\u00f6n kanssa. Ne ovat tarjonneet pohjan monille valaistusteknologioille ja ovat olleet keskeisi\u00e4 valaistuksen energiatehokkuuden parantamisessa.\u00a0\u00a0<\/td><\/tr><\/tbody><\/table><\/figure>\n\n\n\n<figure class=\"wp-block-table\"><table><tbody><tr><td>T\u00e4ytyy sanoa, ett\u00e4 t\u00e4\u00e4ll\u00e4 valaisinvalmistuksessa ei tule n\u00e4it\u00e4 asioita mietitty\u00e4, mutta hyv\u00e4 on kuitenkin silloin t\u00e4ll\u00f6in muistaa n\u00e4it\u00e4 kavereita, jotka ovat olleet mahdollistamassa t\u00e4t\u00e4 kaikkea. Thomas Alva Edisonin kaikki muistavat, mutta oli muitakin, jotka osaltaan ovat olleet kehitysty\u00f6ss\u00e4 mukana.<\/td><\/tr><\/tbody><\/table><\/figure>\n\n\n\n<p>\u200a<\/p>\n\n\n\n<p><\/p>","protected":false},"excerpt":{"rendered":"<p>James Clerk Maxwell syntyi 13. kes\u00e4kuuta 1831&nbsp; ja kuoli 5. marraskuuta 1879&nbsp; H\u00e4n oli skotlantilainen fyysikko laajalla kiinnostuksenkohteiden kirjolla. H\u00e4n [&hellip;]<\/p>\n","protected":false},"author":2,"featured_media":0,"parent":0,"menu_order":0,"comment_status":"closed","ping_status":"closed","template":"","meta":{"_acf_changed":false,"footnotes":""},"class_list":["post-1908","page","type-page","status-publish","hentry"],"acf":[],"_links":{"self":[{"href":"https:\/\/adlux.fi\/en\/wp-json\/wp\/v2\/pages\/1908","targetHints":{"allow":["GET"]}}],"collection":[{"href":"https:\/\/adlux.fi\/en\/wp-json\/wp\/v2\/pages"}],"about":[{"href":"https:\/\/adlux.fi\/en\/wp-json\/wp\/v2\/types\/page"}],"author":[{"embeddable":true,"href":"https:\/\/adlux.fi\/en\/wp-json\/wp\/v2\/users\/2"}],"replies":[{"embeddable":true,"href":"https:\/\/adlux.fi\/en\/wp-json\/wp\/v2\/comments?post=1908"}],"version-history":[{"count":4,"href":"https:\/\/adlux.fi\/en\/wp-json\/wp\/v2\/pages\/1908\/revisions"}],"predecessor-version":[{"id":1919,"href":"https:\/\/adlux.fi\/en\/wp-json\/wp\/v2\/pages\/1908\/revisions\/1919"}],"wp:attachment":[{"href":"https:\/\/adlux.fi\/en\/wp-json\/wp\/v2\/media?parent=1908"}],"curies":[{"name":"wp","href":"https:\/\/api.w.org\/{rel}","templated":true}]}}