{"id":1630,"date":"2024-01-10T13:07:58","date_gmt":"2024-01-10T11:07:58","guid":{"rendered":"https:\/\/adlux.fi\/?page_id=1630"},"modified":"2024-01-23T14:49:13","modified_gmt":"2024-01-23T12:49:13","slug":"asennusvaihtoehdot-valaisimille","status":"publish","type":"page","link":"https:\/\/adlux.fi\/en\/asennusvaihtoehdot-valaisimille\/","title":{"rendered":"Installation options for luminaires"},"content":{"rendered":"<p>Installation boxes at both ends of the lamp, in which case the lamp is wired through. Or alternatively with Phoenix's IPD connectors. The connectors can also be only at one end. An alternative is also a cable out of the lamp.<\/p>\n\n\n\n<div class=\"wp-block-group has-global-padding\"><div class=\"wp-block-group__inner-container is-layout-constrained wp-block-group-is-layout-constrained\"><div class=\"wp-block-image\">\n<figure class=\"alignleft size-large is-resized\"><img loading=\"lazy\" decoding=\"async\" width=\"518\" height=\"1024\" src=\"https:\/\/adlux.fi\/wp-content\/uploads\/2024\/01\/PhotoRoom-20240110_125519-518x1024.png\" alt=\"\" class=\"wp-image-1631\" style=\"width:200px\" srcset=\"https:\/\/adlux.fi\/wp-content\/uploads\/2024\/01\/PhotoRoom-20240110_125519-518x1024.png 518w, https:\/\/adlux.fi\/wp-content\/uploads\/2024\/01\/PhotoRoom-20240110_125519-152x300.png 152w, https:\/\/adlux.fi\/wp-content\/uploads\/2024\/01\/PhotoRoom-20240110_125519-768x1519.png 768w, https:\/\/adlux.fi\/wp-content\/uploads\/2024\/01\/PhotoRoom-20240110_125519-777x1536.png 777w, https:\/\/adlux.fi\/wp-content\/uploads\/2024\/01\/PhotoRoom-20240110_125519-6x12.png 6w, https:\/\/adlux.fi\/wp-content\/uploads\/2024\/01\/PhotoRoom-20240110_125519.png 899w\" sizes=\"auto, (max-width: 518px) 100vw, 518px\" \/><\/figure>\n<\/div><\/div><\/div>\n\n\n<div class=\"wp-block-image\">\n<figure class=\"alignleft size-large is-resized\"><img loading=\"lazy\" decoding=\"async\" width=\"570\" height=\"1024\" src=\"https:\/\/adlux.fi\/wp-content\/uploads\/2024\/01\/PhotoRoom-20240110_125549-570x1024.png\" alt=\"\" class=\"wp-image-1632\" style=\"width:228px;height:auto\" srcset=\"https:\/\/adlux.fi\/wp-content\/uploads\/2024\/01\/PhotoRoom-20240110_125549-570x1024.png 570w, https:\/\/adlux.fi\/wp-content\/uploads\/2024\/01\/PhotoRoom-20240110_125549-167x300.png 167w, https:\/\/adlux.fi\/wp-content\/uploads\/2024\/01\/PhotoRoom-20240110_125549-768x1380.png 768w, https:\/\/adlux.fi\/wp-content\/uploads\/2024\/01\/PhotoRoom-20240110_125549-7x12.png 7w, https:\/\/adlux.fi\/wp-content\/uploads\/2024\/01\/PhotoRoom-20240110_125549.png 820w\" sizes=\"auto, (max-width: 570px) 100vw, 570px\" \/><\/figure>\n<\/div>\n\n<div class=\"wp-block-image\">\n<figure class=\"alignleft size-large is-resized\"><img loading=\"lazy\" decoding=\"async\" width=\"618\" height=\"1024\" src=\"https:\/\/adlux.fi\/wp-content\/uploads\/2024\/01\/ipd-1-618x1024.png\" alt=\"\" class=\"wp-image-1662\" style=\"width:226px;height:auto\" srcset=\"https:\/\/adlux.fi\/wp-content\/uploads\/2024\/01\/ipd-1-618x1024.png 618w, https:\/\/adlux.fi\/wp-content\/uploads\/2024\/01\/ipd-1-181x300.png 181w, https:\/\/adlux.fi\/wp-content\/uploads\/2024\/01\/ipd-1-768x1272.png 768w, https:\/\/adlux.fi\/wp-content\/uploads\/2024\/01\/ipd-1-7x12.png 7w, https:\/\/adlux.fi\/wp-content\/uploads\/2024\/01\/ipd-1.png 838w\" sizes=\"auto, (max-width: 618px) 100vw, 618px\" \/><\/figure>\n<\/div>\n\n\n<figure class=\"wp-block-image size-large is-resized\"><img loading=\"lazy\" decoding=\"async\" width=\"714\" height=\"1024\" src=\"https:\/\/adlux.fi\/wp-content\/uploads\/2024\/01\/kaapeli-ulos-714x1024.png\" alt=\"\" class=\"wp-image-1664\" style=\"width:226px;height:auto\" srcset=\"https:\/\/adlux.fi\/wp-content\/uploads\/2024\/01\/kaapeli-ulos-714x1024.png 714w, https:\/\/adlux.fi\/wp-content\/uploads\/2024\/01\/kaapeli-ulos-209x300.png 209w, https:\/\/adlux.fi\/wp-content\/uploads\/2024\/01\/kaapeli-ulos-768x1102.png 768w, https:\/\/adlux.fi\/wp-content\/uploads\/2024\/01\/kaapeli-ulos-1071x1536.png 1071w, https:\/\/adlux.fi\/wp-content\/uploads\/2024\/01\/kaapeli-ulos-8x12.png 8w, https:\/\/adlux.fi\/wp-content\/uploads\/2024\/01\/kaapeli-ulos.png 1095w\" sizes=\"auto, (max-width: 714px) 100vw, 714px\" \/><\/figure>","protected":false},"excerpt":{"rendered":"<p>Asennusrasiat valaisimen kummassakin p\u00e4\u00e4ss\u00e4, jolloin valaisin on l\u00e4pijohdotettu. Tai vaihtoehtoisesti Phoenixin IPD-liittimill\u00e4. Liittimet voivat olla my\u00f6s vain toisessa p\u00e4\u00e4ss\u00e4. Vaihtoehtona [&hellip;]<\/p>\n","protected":false},"author":2,"featured_media":0,"parent":0,"menu_order":0,"comment_status":"closed","ping_status":"closed","template":"","meta":{"_acf_changed":false,"footnotes":""},"class_list":["post-1630","page","type-page","status-publish","hentry"],"acf":[],"_links":{"self":[{"href":"https:\/\/adlux.fi\/en\/wp-json\/wp\/v2\/pages\/1630","targetHints":{"allow":["GET"]}}],"collection":[{"href":"https:\/\/adlux.fi\/en\/wp-json\/wp\/v2\/pages"}],"about":[{"href":"https:\/\/adlux.fi\/en\/wp-json\/wp\/v2\/types\/page"}],"author":[{"embeddable":true,"href":"https:\/\/adlux.fi\/en\/wp-json\/wp\/v2\/users\/2"}],"replies":[{"embeddable":true,"href":"https:\/\/adlux.fi\/en\/wp-json\/wp\/v2\/comments?post=1630"}],"version-history":[{"count":10,"href":"https:\/\/adlux.fi\/en\/wp-json\/wp\/v2\/pages\/1630\/revisions"}],"predecessor-version":[{"id":1667,"href":"https:\/\/adlux.fi\/en\/wp-json\/wp\/v2\/pages\/1630\/revisions\/1667"}],"wp:attachment":[{"href":"https:\/\/adlux.fi\/en\/wp-json\/wp\/v2\/media?parent=1630"}],"curies":[{"name":"wp","href":"https:\/\/api.w.org\/{rel}","templated":true}]}}