{"id":1210,"date":"2023-02-26T10:46:44","date_gmt":"2023-02-26T08:46:44","guid":{"rendered":"https:\/\/adlux.fi\/?page_id=1210"},"modified":"2025-01-30T13:37:30","modified_gmt":"2025-01-30T11:37:30","slug":"asennukset-ja-urakointi","status":"publish","type":"page","link":"https:\/\/adlux.fi\/en\/asennukset-ja-urakointi\/","title":{"rendered":"Installation and contracting"},"content":{"rendered":"<p class=\"has-text-align-center has-large-font-size\"><strong><mark style=\"background-color:rgba(0, 0, 0, 0)\" class=\"has-inline-color has-vivid-cyan-blue-color\">Diverse lighting electrical installation services safely and quickly<\/mark><\/strong><\/p>\n\n\n\n<div class=\"wp-block-group is-nowrap is-layout-flex wp-container-core-group-is-layout-6c531013 wp-block-group-is-layout-flex\">\n<p>The electrical installation work is always provided by a company that has a close collaboration with us and is a true professional in the field. Our installation partner is a TUKES-registered electrical contractor who carries out versatile electrical installation services related to lighting according to your needs.&nbsp;<\/p>\n\n\n\n<p>Our knowledgeable staff, who meet the competency requirements for electrical work, will find the best solution tailored to your needs. We serve you with a strong expertise, always prioritizing installation and operational safety. Your safety is our top priority.<\/p>\n<\/div>\n\n\n\n<h1 class=\"wp-block-heading\">An authorized electrical contractor is a reliable partner in lighting electrical installations<\/h1>\n\n\n\n<p>When you need electrical installation related to lighting and want to ensure safe, reliable, and worry-free operation, turn to AD-Lux. Whether you need lighting for an industrial hall or quality illumination for your commercial space, our skilled and certified electricians are here to assist you. Our partner takes care of lighting-related electrical work with professionalism and extensive experience, covering both industrial and commercial premises&nbsp;<\/p>\n\n\n\n<p>We plan and carry out all kinds of lighting-related electrical work with precision and cost-effectiveness. Careful planning of electrical work helps to find the best possible solution and achieve energy efficiency and minimal electricity consumption, which will be reflected in your later electricity bill.<\/p>\n\n\n\n<p>Electrical work is a licensed business. In particular, electrical installations are a precision-demanding work phase, whether it's installation work for new construction or renovation projects. Electrical and fire safety risks should always be taken seriously when performing electrical installations. Therefore, it is advisable to hire a professional to handle the electrical work in such a way that user safety is the highest possible.<\/p>\n\n\n\n<p>From us, you can get electrical design, comprehensive installation services, and even thermal imaging \u2013 all in one place. <\/p>\n\n\n\n<p><strong>We also offer comprehensive electrical contracting in addition to lighting installations.<\/strong><\/p>\n\n\n\n<p><strong>Oletko urakoitsija?<\/strong> Haluaisimme tehd\u00e4 kanssasi yhteisty\u00f6t\u00e4 valaisinasioissa. Mit\u00e4 urakoitsija saa yhteisty\u00f6n avulla:<\/p>\n\n\n\n<ul class=\"wp-block-list\">\n<li>Wholesale prices<\/li>\n\n\n\n<li>Tailored prducts<\/li>\n\n\n\n<li>Fast deliveries<\/li>\n\n\n\n<li>Tailored service to keep your customers satisfied with your company<\/li>\n\n\n\n<li>Long warranties <\/li>\n<\/ul>\n\n\n\n<p>Interested? Call +358 400 284 571\/Pekka Orne or send an email: pekka.orne@adlux.fi<\/p>","protected":false},"excerpt":{"rendered":"<p>Monipuoliset valaistuksen s\u00e4hk\u00f6asennuspalvelut turvallisesti ja nopeasti Asennuksissa k\u00e4ytt\u00e4m\u00e4mme kumppani on Turvallisuus- ja kemikaalivirasto TUKES:n rekister\u00f6im\u00e4 s\u00e4hk\u00f6urakoitsija, joka toteuttaa valaistukseen liittyv\u00e4t [&hellip;]<\/p>\n","protected":false},"author":2,"featured_media":0,"parent":0,"menu_order":0,"comment_status":"closed","ping_status":"closed","template":"","meta":{"_acf_changed":false,"footnotes":""},"class_list":["post-1210","page","type-page","status-publish","hentry"],"acf":[],"_links":{"self":[{"href":"https:\/\/adlux.fi\/en\/wp-json\/wp\/v2\/pages\/1210","targetHints":{"allow":["GET"]}}],"collection":[{"href":"https:\/\/adlux.fi\/en\/wp-json\/wp\/v2\/pages"}],"about":[{"href":"https:\/\/adlux.fi\/en\/wp-json\/wp\/v2\/types\/page"}],"author":[{"embeddable":true,"href":"https:\/\/adlux.fi\/en\/wp-json\/wp\/v2\/users\/2"}],"replies":[{"embeddable":true,"href":"https:\/\/adlux.fi\/en\/wp-json\/wp\/v2\/comments?post=1210"}],"version-history":[{"count":9,"href":"https:\/\/adlux.fi\/en\/wp-json\/wp\/v2\/pages\/1210\/revisions"}],"predecessor-version":[{"id":2235,"href":"https:\/\/adlux.fi\/en\/wp-json\/wp\/v2\/pages\/1210\/revisions\/2235"}],"wp:attachment":[{"href":"https:\/\/adlux.fi\/en\/wp-json\/wp\/v2\/media?parent=1210"}],"curies":[{"name":"wp","href":"https:\/\/api.w.org\/{rel}","templated":true}]}}