{"id":1006,"date":"2022-03-09T12:58:57","date_gmt":"2022-03-09T10:58:57","guid":{"rendered":"https:\/\/adlux.fi\/?page_id=1006"},"modified":"2022-03-09T13:12:37","modified_gmt":"2022-03-09T11:12:37","slug":"ad-green-kehityshankkeella-on-ely-keskuksen-myontama-kehitysrahoitus","status":"publish","type":"page","link":"https:\/\/adlux.fi\/en\/ad-green-kehityshankkeella-on-ely-keskuksen-myontama-kehitysrahoitus\/","title":{"rendered":"AD Green kehityshankkeella on ELY-keskuksen my\u00f6nt\u00e4m\u00e4 kehitysrahoitus"},"content":{"rendered":"<p>Kehityshanketta on ollut rahoittamassa ELY-keskus. <\/p>\n\n\n\n<p>Hankkeessa on selvitetty uusituvan materiaalin k\u00e4ytt\u00f6\u00e4 \u00e4lykk\u00e4\u00e4ss\u00e4 LED-valaistuksessa. <\/p>\n\n\n\n<p>Hankkeen lopputuloksena on syntynyt uudentyyppinen valaisin, jolla on korkea kierr\u00e4tysaste. Valaisin on ns. kiertotalousvalaisin ja sen vaikutukset luontoon on pyritty minimoimaan. <\/p>","protected":false},"excerpt":{"rendered":"<p>Kehityshanketta on ollut rahoittamassa ELY-keskus. Hankkeessa on selvitetty uusituvan materiaalin k\u00e4ytt\u00f6\u00e4 \u00e4lykk\u00e4\u00e4ss\u00e4 LED-valaistuksessa. Hankkeen lopputuloksena on syntynyt uudentyyppinen valaisin, jolla [&hellip;]<\/p>\n","protected":false},"author":2,"featured_media":0,"parent":0,"menu_order":0,"comment_status":"closed","ping_status":"closed","template":"","meta":{"_acf_changed":false,"footnotes":""},"class_list":["post-1006","page","type-page","status-publish","hentry"],"acf":[],"_links":{"self":[{"href":"https:\/\/adlux.fi\/en\/wp-json\/wp\/v2\/pages\/1006","targetHints":{"allow":["GET"]}}],"collection":[{"href":"https:\/\/adlux.fi\/en\/wp-json\/wp\/v2\/pages"}],"about":[{"href":"https:\/\/adlux.fi\/en\/wp-json\/wp\/v2\/types\/page"}],"author":[{"embeddable":true,"href":"https:\/\/adlux.fi\/en\/wp-json\/wp\/v2\/users\/2"}],"replies":[{"embeddable":true,"href":"https:\/\/adlux.fi\/en\/wp-json\/wp\/v2\/comments?post=1006"}],"version-history":[{"count":2,"href":"https:\/\/adlux.fi\/en\/wp-json\/wp\/v2\/pages\/1006\/revisions"}],"predecessor-version":[{"id":1008,"href":"https:\/\/adlux.fi\/en\/wp-json\/wp\/v2\/pages\/1006\/revisions\/1008"}],"wp:attachment":[{"href":"https:\/\/adlux.fi\/en\/wp-json\/wp\/v2\/media?parent=1006"}],"curies":[{"name":"wp","href":"https:\/\/api.w.org\/{rel}","templated":true}]}}